{"id":4356,"date":"2026-03-28T13:46:54","date_gmt":"2026-03-28T13:46:54","guid":{"rendered":"https:\/\/aperobeach.ch\/wordpress\/?page_id=4356"},"modified":"2026-03-28T23:27:25","modified_gmt":"2026-03-28T23:27:25","slug":"contact","status":"publish","type":"page","link":"https:\/\/aperobeach.ch\/wordpress\/index.php\/contact\/","title":{"rendered":"Contact"},"content":{"rendered":"\t\t<div data-elementor-type=\"wp-page\" data-elementor-id=\"4356\" class=\"elementor elementor-4356\">\n\t\t\t\t\t\t<section class=\"elementor-section elementor-top-section elementor-element elementor-element-bbfb42e elementor-section-height-min-height elementor-section-content-middle elementor-section-boxed elementor-section-height-default elementor-section-items-middle elementor-invisible\" data-id=\"bbfb42e\" data-element_type=\"section\" data-e-type=\"section\" data-settings=\"{&quot;background_background&quot;:&quot;classic&quot;,&quot;animation&quot;:&quot;fadeIn&quot;,&quot;animation_mobile&quot;:&quot;fadeIn&quot;}\">\n\t\t\t\t\t\t\t<div class=\"elementor-background-overlay\"><\/div>\n\t\t\t\t\t\t\t<div class=\"elementor-container elementor-column-gap-default\">\n\t\t\t\t\t<div class=\"elementor-column elementor-col-100 elementor-top-column elementor-element elementor-element-147d838\" data-id=\"147d838\" data-element_type=\"column\" data-e-type=\"column\">\n\t\t\t<div class=\"elementor-widget-wrap elementor-element-populated\">\n\t\t\t\t\t\t<div class=\"elementor-element elementor-element-bf745fc elementor-widget elementor-widget-heading\" data-id=\"bf745fc\" data-element_type=\"widget\" data-e-type=\"widget\" data-widget_type=\"heading.default\">\n\t\t\t\t<div class=\"elementor-widget-container\">\n\t\t\t\t\t<h2 class=\"elementor-heading-title elementor-size-default\">Contact<\/h2>\t\t\t\t<\/div>\n\t\t\t\t<\/div>\n\t\t\t\t\t<\/div>\n\t\t<\/div>\n\t\t\t\t\t<\/div>\n\t\t<\/section>\n\t\t\t\t<section class=\"elementor-section elementor-top-section elementor-element elementor-element-73ea22c elementor-section-content-space-evenly elementor-section-boxed elementor-section-height-default elementor-section-height-default elementor-invisible\" data-id=\"73ea22c\" data-element_type=\"section\" data-e-type=\"section\" data-settings=\"{&quot;animation&quot;:&quot;fadeInLeft&quot;}\">\n\t\t\t\t\t\t<div class=\"elementor-container elementor-column-gap-default\">\n\t\t\t\t\t<div class=\"elementor-column elementor-col-50 elementor-top-column elementor-element elementor-element-d02c41c\" data-id=\"d02c41c\" data-element_type=\"column\" data-e-type=\"column\">\n\t\t\t<div class=\"elementor-widget-wrap elementor-element-populated\">\n\t\t\t\t\t\t<div class=\"elementor-element elementor-element-ecbdff4 elementor-widget elementor-widget-text-editor\" data-id=\"ecbdff4\" data-element_type=\"widget\" data-e-type=\"widget\" data-widget_type=\"text-editor.default\">\n\t\t\t\t<div class=\"elementor-widget-container\">\n\t\t\t\t\t\t\t\t\t<p>Envie de rejoindre Ap\u00e9ro Beach Festival ?<\/p>\t\t\t\t\t\t\t\t<\/div>\n\t\t\t\t<\/div>\n\t\t\t\t<div class=\"elementor-element elementor-element-3277802 elementor-widget elementor-widget-text-editor\" data-id=\"3277802\" data-element_type=\"widget\" data-e-type=\"widget\" data-widget_type=\"text-editor.default\">\n\t\t\t\t<div class=\"elementor-widget-container\">\n\t\t\t\t\t\t\t\t\t<p>Que tu veuilles te produire sur sc\u00e8ne, devenir partenaire ou rejoindre l&rsquo;\u00e9quipe des b\u00e9n\u00e9voles&#8230; on sera ravis de te lire !\u00a0<\/p>\t\t\t\t\t\t\t\t<\/div>\n\t\t\t\t<\/div>\n\t\t\t\t\t<\/div>\n\t\t<\/div>\n\t\t\t\t<div class=\"elementor-column elementor-col-50 elementor-top-column elementor-element elementor-element-e87be28\" data-id=\"e87be28\" data-element_type=\"column\" data-e-type=\"column\">\n\t\t\t<div class=\"elementor-widget-wrap elementor-element-populated\">\n\t\t\t\t\t\t<div class=\"elementor-element elementor-element-aa80ecb elementor-button-info elementor-align-left elementor-mobile-align-center elementor-widget elementor-widget-button\" data-id=\"aa80ecb\" data-element_type=\"widget\" data-e-type=\"widget\" data-widget_type=\"button.default\">\n\t\t\t\t<div class=\"elementor-widget-container\">\n\t\t\t\t\t\t\t\t\t<div class=\"elementor-button-wrapper\">\n\t\t\t\t\t<a class=\"elementor-button elementor-button-link elementor-size-sm elementor-animation-grow\" href=\"mailto:contact@aperobeach.ch\">\n\t\t\t\t\t\t<span class=\"elementor-button-content-wrapper\">\n\t\t\t\t\t\t<span class=\"elementor-button-icon\">\n\t\t\t\t<svg class=\"ekit-svg-icon icon-email1\" viewBox=\"0 0 32 32\" xmlns=\"http:\/\/www.w3.org\/2000\/svg\"><path d=\"M30.887 30.9c0 0 0-14.113 0-18.813 0-0.194-0.244-0.438-0.481-0.619l-4.919-3.569v-3.944c0-0.388-0.325-0.65-0.65-0.65h-5.606l-2.856-2.081c-0.194-0.131-0.519-0.131-0.719 0l-2.856 2.081h-5.606c-0.388 0-0.65 0.325-0.65 0.65v3.9l-4.981 3.619c-0.294 0.181-0.481 0.419-0.481 0.619 0 4.731 0 18.938 0 18.938 0 0.369 0.294 0.625 0.6 0.65 0.019 0 0.031 0 0.050 0h28.5c0.419-0.006 0.656-0.331 0.656-0.781zM29.65 13.256v16.475l-10.756-8.613 10.756-7.863zM29.169 12.113l-3.681 2.681v-5.388l3.681 2.706zM15.988 2.456l1.144 0.844h-2.294l1.15-0.844zM24.188 4.606v11.137l-8.2 5.975-8.2-5.975v-11.137h16.4zM2.325 13.256l10.756 7.862-10.756 8.663v-16.525zM6.55 14.844l-3.775-2.75 3.775-2.744v5.494zM3.494 30.438l10.631-8.556 1.469 1.075c0.281 0.212 0.494 0.212 0.781 0l1.469-1.075 10.694 8.556h-25.044zM11.631 7.794h8.781v1.237h-8.781v-1.237zM11.631 11.762h8.781v1.238h-8.781v-1.238zM11.631 15.731h8.781v1.238h-8.781v-1.238z\"><\/path><\/svg>\t\t\t<\/span>\n\t\t\t\t\t\t\t\t\t<span class=\"elementor-button-text\">Contacte-nous !<\/span>\n\t\t\t\t\t<\/span>\n\t\t\t\t\t<\/a>\n\t\t\t\t<\/div>\n\t\t\t\t\t\t\t\t<\/div>\n\t\t\t\t<\/div>\n\t\t\t\t\t<\/div>\n\t\t<\/div>\n\t\t\t\t\t<\/div>\n\t\t<\/section>\n\t\t\t\t<section class=\"elementor-section elementor-top-section elementor-element elementor-element-c027d2a elementor-section-content-space-evenly elementor-section-boxed elementor-section-height-default elementor-section-height-default elementor-invisible\" data-id=\"c027d2a\" data-element_type=\"section\" data-e-type=\"section\" data-settings=\"{&quot;animation&quot;:&quot;fadeInRight&quot;}\">\n\t\t\t\t\t\t<div class=\"elementor-container elementor-column-gap-default\">\n\t\t\t\t\t<div class=\"elementor-column elementor-col-50 elementor-top-column elementor-element elementor-element-e956d66\" data-id=\"e956d66\" data-element_type=\"column\" data-e-type=\"column\">\n\t\t\t<div class=\"elementor-widget-wrap elementor-element-populated\">\n\t\t\t\t\t\t<div class=\"elementor-element elementor-element-0280194 elementor-widget elementor-widget-text-editor\" data-id=\"0280194\" data-element_type=\"widget\" data-e-type=\"widget\" data-widget_type=\"text-editor.default\">\n\t\t\t\t<div class=\"elementor-widget-container\">\n\t\t\t\t\t\t\t\t\t<p>O\u00f9 nous trouver ?<\/p>\t\t\t\t\t\t\t\t<\/div>\n\t\t\t\t<\/div>\n\t\t\t\t<div class=\"elementor-element elementor-element-e67a870 elementor-widget elementor-widget-text-editor\" data-id=\"e67a870\" data-element_type=\"widget\" data-e-type=\"widget\" data-widget_type=\"text-editor.default\">\n\t\t\t\t<div class=\"elementor-widget-container\">\n\t\t\t\t\t\t\t\t\t<p>Ap\u00e9ro Beach Festival a lieu \u00e0 la Pin\u00e8de \u00e0 Lutry, juste \u00e0 c\u00f4t\u00e9 des terrains de beach-volley.<\/p><p>Tu peux aussi nous retrouver sur Instagram pour suivre toutes nos actualit\u00e9s !<\/p>\t\t\t\t\t\t\t\t<\/div>\n\t\t\t\t<\/div>\n\t\t\t\t<div class=\"elementor-element elementor-element-3ec19ab elementor-button-info elementor-align-left elementor-mobile-align-center elementor-widget elementor-widget-button\" data-id=\"3ec19ab\" data-element_type=\"widget\" data-e-type=\"widget\" data-widget_type=\"button.default\">\n\t\t\t\t<div class=\"elementor-widget-container\">\n\t\t\t\t\t\t\t\t\t<div class=\"elementor-button-wrapper\">\n\t\t\t\t\t<a class=\"elementor-button elementor-button-link elementor-size-sm elementor-animation-grow\" href=\"https:\/\/www.instagram.com\/aperobeachfestival\/\" target=\"_blank\">\n\t\t\t\t\t\t<span class=\"elementor-button-content-wrapper\">\n\t\t\t\t\t\t<span class=\"elementor-button-icon\">\n\t\t\t\t<i aria-hidden=\"true\" class=\"fab fa-instagram\"><\/i>\t\t\t<\/span>\n\t\t\t\t\t\t\t\t\t<span class=\"elementor-button-text\">C'est par ici !<\/span>\n\t\t\t\t\t<\/span>\n\t\t\t\t\t<\/a>\n\t\t\t\t<\/div>\n\t\t\t\t\t\t\t\t<\/div>\n\t\t\t\t<\/div>\n\t\t\t\t\t<\/div>\n\t\t<\/div>\n\t\t\t\t<div class=\"elementor-column elementor-col-50 elementor-top-column elementor-element elementor-element-c1d788c\" data-id=\"c1d788c\" data-element_type=\"column\" data-e-type=\"column\">\n\t\t\t<div class=\"elementor-widget-wrap elementor-element-populated\">\n\t\t\t\t\t\t<div class=\"elementor-element elementor-element-4ed33f6 elementor-widget__width-initial elementor-widget elementor-widget-google_maps\" data-id=\"4ed33f6\" data-element_type=\"widget\" data-e-type=\"widget\" data-widget_type=\"google_maps.default\">\n\t\t\t\t<div class=\"elementor-widget-container\">\n\t\t\t\t\t\t\t<div class=\"elementor-custom-embed\">\n\t\t\t<iframe loading=\"lazy\"\n\t\t\t\t\tsrc=\"https:\/\/maps.google.com\/maps?q=Le%20petit%20cabanon%20Lutry&#038;t=m&#038;z=15&#038;output=embed&#038;iwloc=near\"\n\t\t\t\t\ttitle=\"Le petit cabanon Lutry\"\n\t\t\t\t\taria-label=\"Le petit cabanon Lutry\"\n\t\t\t><\/iframe>\n\t\t<\/div>\n\t\t\t\t\t\t<\/div>\n\t\t\t\t<\/div>\n\t\t\t\t\t<\/div>\n\t\t<\/div>\n\t\t\t\t\t<\/div>\n\t\t<\/section>\n\t\t\t\t<section class=\"elementor-section elementor-top-section elementor-element elementor-element-c993661 elementor-section-content-middle elementor-section-boxed elementor-section-height-default elementor-section-height-default elementor-invisible\" data-id=\"c993661\" data-element_type=\"section\" data-e-type=\"section\" data-settings=\"{&quot;animation&quot;:&quot;fadeInUp&quot;}\">\n\t\t\t\t\t\t<div class=\"elementor-container elementor-column-gap-no\">\n\t\t\t\t\t<div class=\"elementor-column elementor-col-50 elementor-top-column elementor-element elementor-element-735244e7\" data-id=\"735244e7\" data-element_type=\"column\" data-e-type=\"column\">\n\t\t\t<div class=\"elementor-widget-wrap elementor-element-populated\">\n\t\t\t\t\t\t<div class=\"elementor-element elementor-element-fc8f67d elementor-widget elementor-widget-text-editor\" data-id=\"fc8f67d\" data-element_type=\"widget\" data-e-type=\"widget\" data-widget_type=\"text-editor.default\">\n\t\t\t\t<div class=\"elementor-widget-container\">\n\t\t\t\t\t\t\t\t\t<p>T&rsquo;as une question ?<\/p>\t\t\t\t\t\t\t\t<\/div>\n\t\t\t\t<\/div>\n\t\t\t\t<div class=\"elementor-element elementor-element-b6551cc elementor-widget elementor-widget-text-editor\" data-id=\"b6551cc\" data-element_type=\"widget\" data-e-type=\"widget\" data-widget_type=\"text-editor.default\">\n\t\t\t\t<div class=\"elementor-widget-container\">\n\t\t\t\t\t\t\t\t\t<p>On a peut-\u00eatre d\u00e9j\u00e0 la r\u00e9ponse !<\/p>\t\t\t\t\t\t\t\t<\/div>\n\t\t\t\t<\/div>\n\t\t\t\t\t<\/div>\n\t\t<\/div>\n\t\t\t\t<div class=\"elementor-column elementor-col-50 elementor-top-column elementor-element elementor-element-46144890\" data-id=\"46144890\" data-element_type=\"column\" data-e-type=\"column\">\n\t\t\t<div class=\"elementor-widget-wrap elementor-element-populated\">\n\t\t\t\t\t\t<div class=\"elementor-element elementor-element-713e99b7 elementor-widget elementor-widget-toggle\" data-id=\"713e99b7\" data-element_type=\"widget\" data-e-type=\"widget\" data-widget_type=\"toggle.default\">\n\t\t\t\t<div class=\"elementor-widget-container\">\n\t\t\t\t\t\t\t<div class=\"elementor-toggle\">\n\t\t\t\t\t\t\t<div class=\"elementor-toggle-item\">\n\t\t\t\t\t<div id=\"elementor-tab-title-1891\" class=\"elementor-tab-title\" data-tab=\"1\" role=\"button\" aria-controls=\"elementor-tab-content-1891\" aria-expanded=\"false\">\n\t\t\t\t\t\t\t\t\t\t\t\t<span class=\"elementor-toggle-icon elementor-toggle-icon-right\" aria-hidden=\"true\">\n\t\t\t\t\t\t\t\t\t\t\t\t\t\t\t<span class=\"elementor-toggle-icon-closed\"><i class=\"fas fa-caret-right\"><\/i><\/span>\n\t\t\t\t\t\t\t\t<span class=\"elementor-toggle-icon-opened\"><i class=\"elementor-toggle-icon-opened fas fa-caret-up\"><\/i><\/span>\n\t\t\t\t\t\t\t\t\t\t\t\t\t<\/span>\n\t\t\t\t\t\t\t\t\t\t\t\t<a class=\"elementor-toggle-title\" tabindex=\"0\">Est-ce que le festival est payant ?<\/a>\n\t\t\t\t\t<\/div>\n\n\t\t\t\t\t<div id=\"elementor-tab-content-1891\" class=\"elementor-tab-content elementor-clearfix\" data-tab=\"1\" role=\"region\" aria-labelledby=\"elementor-tab-title-1891\"><p>Non, l&rsquo;entr\u00e9e est libre ! Apr\u00e8s chaque concert, on passe avec un chapeau ; ce que tu donnes contribue \u00e0 faire vivre le festival et \u00e0 assurer les prochaines \u00e9ditions.<\/p><\/div>\n\t\t\t\t<\/div>\n\t\t\t\t\t\t\t<div class=\"elementor-toggle-item\">\n\t\t\t\t\t<div id=\"elementor-tab-title-1892\" class=\"elementor-tab-title\" data-tab=\"2\" role=\"button\" aria-controls=\"elementor-tab-content-1892\" aria-expanded=\"false\">\n\t\t\t\t\t\t\t\t\t\t\t\t<span class=\"elementor-toggle-icon elementor-toggle-icon-right\" aria-hidden=\"true\">\n\t\t\t\t\t\t\t\t\t\t\t\t\t\t\t<span class=\"elementor-toggle-icon-closed\"><i class=\"fas fa-caret-right\"><\/i><\/span>\n\t\t\t\t\t\t\t\t<span class=\"elementor-toggle-icon-opened\"><i class=\"elementor-toggle-icon-opened fas fa-caret-up\"><\/i><\/span>\n\t\t\t\t\t\t\t\t\t\t\t\t\t<\/span>\n\t\t\t\t\t\t\t\t\t\t\t\t<a class=\"elementor-toggle-title\" tabindex=\"0\">Il se passe quoi s'il fait mauvais temps ?<\/a>\n\t\t\t\t\t<\/div>\n\n\t\t\t\t\t<div id=\"elementor-tab-content-1892\" class=\"elementor-tab-content elementor-clearfix\" data-tab=\"2\" role=\"region\" aria-labelledby=\"elementor-tab-title-1892\"><p>Le festival est maintenu tant qu&rsquo;il ne pleut pas. En cas de doute, suis-nous sur <a href=\"https:\/\/www.instagram.com\/aperobeachfestival\/\" target=\"_blank\" rel=\"noopener\">Instagram<\/a> ; on y poste toutes les infos en temps r\u00e9el !<\/p><\/div>\n\t\t\t\t<\/div>\n\t\t\t\t\t\t\t<div class=\"elementor-toggle-item\">\n\t\t\t\t\t<div id=\"elementor-tab-title-1893\" class=\"elementor-tab-title\" data-tab=\"3\" role=\"button\" aria-controls=\"elementor-tab-content-1893\" aria-expanded=\"false\">\n\t\t\t\t\t\t\t\t\t\t\t\t<span class=\"elementor-toggle-icon elementor-toggle-icon-right\" aria-hidden=\"true\">\n\t\t\t\t\t\t\t\t\t\t\t\t\t\t\t<span class=\"elementor-toggle-icon-closed\"><i class=\"fas fa-caret-right\"><\/i><\/span>\n\t\t\t\t\t\t\t\t<span class=\"elementor-toggle-icon-opened\"><i class=\"elementor-toggle-icon-opened fas fa-caret-up\"><\/i><\/span>\n\t\t\t\t\t\t\t\t\t\t\t\t\t<\/span>\n\t\t\t\t\t\t\t\t\t\t\t\t<a class=\"elementor-toggle-title\" tabindex=\"0\">Est-ce qu'il y a de quoi se restaurer ?<\/a>\n\t\t\t\t\t<\/div>\n\n\t\t\t\t\t<div id=\"elementor-tab-content-1893\" class=\"elementor-tab-content elementor-clearfix\" data-tab=\"3\" role=\"region\" aria-labelledby=\"elementor-tab-title-1893\"><p>\u00c9videmment ! Une buvette et un food-truck sont pr\u00e9sents chaque soir, avec des options v\u00e9g\u00e9. De quoi bien se sustenter avant, pendant et apr\u00e8s les concerts.<\/p><\/div>\n\t\t\t\t<\/div>\n\t\t\t\t\t\t\t<div class=\"elementor-toggle-item\">\n\t\t\t\t\t<div id=\"elementor-tab-title-1894\" class=\"elementor-tab-title\" data-tab=\"4\" role=\"button\" aria-controls=\"elementor-tab-content-1894\" aria-expanded=\"false\">\n\t\t\t\t\t\t\t\t\t\t\t\t<span class=\"elementor-toggle-icon elementor-toggle-icon-right\" aria-hidden=\"true\">\n\t\t\t\t\t\t\t\t\t\t\t\t\t\t\t<span class=\"elementor-toggle-icon-closed\"><i class=\"fas fa-caret-right\"><\/i><\/span>\n\t\t\t\t\t\t\t\t<span class=\"elementor-toggle-icon-opened\"><i class=\"elementor-toggle-icon-opened fas fa-caret-up\"><\/i><\/span>\n\t\t\t\t\t\t\t\t\t\t\t\t\t<\/span>\n\t\t\t\t\t\t\t\t\t\t\t\t<a class=\"elementor-toggle-title\" tabindex=\"0\">Comment venir \u00e0 Ap\u00e9ro Beach Festival ?<\/a>\n\t\t\t\t\t<\/div>\n\n\t\t\t\t\t<div id=\"elementor-tab-content-1894\" class=\"elementor-tab-content elementor-clearfix\" data-tab=\"4\" role=\"region\" aria-labelledby=\"elementor-tab-title-1894\"><p>En transports publics c&rsquo;est la meilleure option ; le bus TL 9 jusqu&rsquo;\u00e0 l&rsquo;arr\u00eat Grand-Pont, ou le train jusqu&rsquo;\u00e0 la gare de Lutry (15 min \u00e0 pied ensuite).\u00a0<\/p><p>Si tu ne peux pas prendre les transports publics, des parkings (payants) sont disponible \u00e0 proximit\u00e9 ; le parking de la Combe (3 min \u00e0 pied), le parking Doret (5 min \u00e0 pied) et le parking de la Possession (7 min \u00e0 pied).\u00a0<\/p><\/div>\n\t\t\t\t<\/div>\n\t\t\t\t\t\t\t\t<\/div>\n\t\t\t\t\t\t<\/div>\n\t\t\t\t<\/div>\n\t\t\t\t\t<\/div>\n\t\t<\/div>\n\t\t\t\t\t<\/div>\n\t\t<\/section>\n\t\t\t\t<\/div>\n\t\t","protected":false},"excerpt":{"rendered":"<p>Contact Envie de rejoindre Ap\u00e9ro Beach Festival ? Que tu veuilles te produire sur sc\u00e8ne, devenir partenaire ou rejoindre l&rsquo;\u00e9quipe des b\u00e9n\u00e9voles&#8230; on sera ravis de te lire !\u00a0 Contacte-nous ! O\u00f9 nous trouver ? Ap\u00e9ro Beach Festival a lieu \u00e0 la Pin\u00e8de \u00e0 Lutry, juste \u00e0 c\u00f4t\u00e9 des terrains de beach-volley. Tu peux aussi [&hellip;]<\/p>\n","protected":false},"author":1,"featured_media":0,"parent":0,"menu_order":0,"comment_status":"closed","ping_status":"closed","template":"","meta":{"footnotes":""},"class_list":["post-4356","page","type-page","status-publish","hentry"],"yoast_head":"<!-- This site is optimized with the Yoast SEO plugin v27.5 - https:\/\/yoast.com\/product\/yoast-seo-wordpress\/ -->\n<title>Contact - Ap\u00e9ro Beach Festival<\/title>\n<meta name=\"description\" content=\"O\u00f9 nous trouver ? Ap\u00e9ro Beach Festival a lieu \u00e0 la Pin\u00e8de \u00e0 Lutry, juste \u00e0 c\u00f4t\u00e9 des terrains de beach-volley.\" \/>\n<meta name=\"robots\" content=\"index, follow, max-snippet:-1, max-image-preview:large, max-video-preview:-1\" \/>\n<link rel=\"canonical\" href=\"https:\/\/aperobeach.ch\/wordpress\/index.php\/contact\/\" \/>\n<meta property=\"og:locale\" content=\"fr_FR\" \/>\n<meta property=\"og:type\" content=\"article\" \/>\n<meta property=\"og:title\" content=\"Contact - Ap\u00e9ro Beach Festival\" \/>\n<meta property=\"og:description\" content=\"O\u00f9 nous trouver ? Ap\u00e9ro Beach Festival a lieu \u00e0 la Pin\u00e8de \u00e0 Lutry, juste \u00e0 c\u00f4t\u00e9 des terrains de beach-volley.\" \/>\n<meta property=\"og:url\" content=\"https:\/\/aperobeach.ch\/wordpress\/index.php\/contact\/\" \/>\n<meta property=\"og:site_name\" content=\"Ap\u00e9ro Beach Festival\" \/>\n<meta property=\"article:modified_time\" content=\"2026-03-28T23:27:25+00:00\" \/>\n<meta name=\"twitter:card\" content=\"summary_large_image\" \/>\n<meta name=\"twitter:label1\" content=\"Dur\u00e9e de lecture estim\u00e9e\" \/>\n\t<meta name=\"twitter:data1\" content=\"2 minutes\" \/>\n<script type=\"application\/ld+json\" class=\"yoast-schema-graph\">{\"@context\":\"https:\\\/\\\/schema.org\",\"@graph\":[{\"@type\":\"WebPage\",\"@id\":\"https:\\\/\\\/aperobeach.ch\\\/wordpress\\\/index.php\\\/contact\\\/\",\"url\":\"https:\\\/\\\/aperobeach.ch\\\/wordpress\\\/index.php\\\/contact\\\/\",\"name\":\"Contact - Ap\u00e9ro Beach Festival\",\"isPartOf\":{\"@id\":\"https:\\\/\\\/aperobeach.ch\\\/wordpress\\\/#website\"},\"datePublished\":\"2026-03-28T13:46:54+00:00\",\"dateModified\":\"2026-03-28T23:27:25+00:00\",\"description\":\"O\u00f9 nous trouver ? Ap\u00e9ro Beach Festival a lieu \u00e0 la Pin\u00e8de \u00e0 Lutry, juste \u00e0 c\u00f4t\u00e9 des terrains de beach-volley.\",\"breadcrumb\":{\"@id\":\"https:\\\/\\\/aperobeach.ch\\\/wordpress\\\/index.php\\\/contact\\\/#breadcrumb\"},\"inLanguage\":\"fr-FR\",\"potentialAction\":[{\"@type\":\"ReadAction\",\"target\":[\"https:\\\/\\\/aperobeach.ch\\\/wordpress\\\/index.php\\\/contact\\\/\"]}]},{\"@type\":\"BreadcrumbList\",\"@id\":\"https:\\\/\\\/aperobeach.ch\\\/wordpress\\\/index.php\\\/contact\\\/#breadcrumb\",\"itemListElement\":[{\"@type\":\"ListItem\",\"position\":1,\"name\":\"Accueil\",\"item\":\"https:\\\/\\\/aperobeach.ch\\\/wordpress\\\/\"},{\"@type\":\"ListItem\",\"position\":2,\"name\":\"Contact\"}]},{\"@type\":\"WebSite\",\"@id\":\"https:\\\/\\\/aperobeach.ch\\\/wordpress\\\/#website\",\"url\":\"https:\\\/\\\/aperobeach.ch\\\/wordpress\\\/\",\"name\":\"Ap\u00e9ro Beach Festival\",\"description\":\"Concerts au bord du l\u00e9man \u00e0 Lutry\",\"publisher\":{\"@id\":\"https:\\\/\\\/aperobeach.ch\\\/wordpress\\\/#organization\"},\"potentialAction\":[{\"@type\":\"SearchAction\",\"target\":{\"@type\":\"EntryPoint\",\"urlTemplate\":\"https:\\\/\\\/aperobeach.ch\\\/wordpress\\\/?s={search_term_string}\"},\"query-input\":{\"@type\":\"PropertyValueSpecification\",\"valueRequired\":true,\"valueName\":\"search_term_string\"}}],\"inLanguage\":\"fr-FR\"},{\"@type\":\"Organization\",\"@id\":\"https:\\\/\\\/aperobeach.ch\\\/wordpress\\\/#organization\",\"name\":\"Ap\u00e9ro Beach Festival\",\"url\":\"https:\\\/\\\/aperobeach.ch\\\/wordpress\\\/\",\"logo\":{\"@type\":\"ImageObject\",\"inLanguage\":\"fr-FR\",\"@id\":\"https:\\\/\\\/aperobeach.ch\\\/wordpress\\\/#\\\/schema\\\/logo\\\/image\\\/\",\"url\":\"https:\\\/\\\/aperobeach.ch\\\/wordpress\\\/wp-content\\\/uploads\\\/2022\\\/06\\\/aperobeach_black.png\",\"contentUrl\":\"https:\\\/\\\/aperobeach.ch\\\/wordpress\\\/wp-content\\\/uploads\\\/2022\\\/06\\\/aperobeach_black.png\",\"width\":1920,\"height\":1222,\"caption\":\"Ap\u00e9ro Beach Festival\"},\"image\":{\"@id\":\"https:\\\/\\\/aperobeach.ch\\\/wordpress\\\/#\\\/schema\\\/logo\\\/image\\\/\"}}]}<\/script>\n<!-- \/ Yoast SEO plugin. -->","yoast_head_json":{"title":"Contact - Ap\u00e9ro Beach Festival","description":"O\u00f9 nous trouver ? Ap\u00e9ro Beach Festival a lieu \u00e0 la Pin\u00e8de \u00e0 Lutry, juste \u00e0 c\u00f4t\u00e9 des terrains de beach-volley.","robots":{"index":"index","follow":"follow","max-snippet":"max-snippet:-1","max-image-preview":"max-image-preview:large","max-video-preview":"max-video-preview:-1"},"canonical":"https:\/\/aperobeach.ch\/wordpress\/index.php\/contact\/","og_locale":"fr_FR","og_type":"article","og_title":"Contact - Ap\u00e9ro Beach Festival","og_description":"O\u00f9 nous trouver ? Ap\u00e9ro Beach Festival a lieu \u00e0 la Pin\u00e8de \u00e0 Lutry, juste \u00e0 c\u00f4t\u00e9 des terrains de beach-volley.","og_url":"https:\/\/aperobeach.ch\/wordpress\/index.php\/contact\/","og_site_name":"Ap\u00e9ro Beach Festival","article_modified_time":"2026-03-28T23:27:25+00:00","twitter_card":"summary_large_image","twitter_misc":{"Dur\u00e9e de lecture estim\u00e9e":"2 minutes"},"schema":{"@context":"https:\/\/schema.org","@graph":[{"@type":"WebPage","@id":"https:\/\/aperobeach.ch\/wordpress\/index.php\/contact\/","url":"https:\/\/aperobeach.ch\/wordpress\/index.php\/contact\/","name":"Contact - Ap\u00e9ro Beach Festival","isPartOf":{"@id":"https:\/\/aperobeach.ch\/wordpress\/#website"},"datePublished":"2026-03-28T13:46:54+00:00","dateModified":"2026-03-28T23:27:25+00:00","description":"O\u00f9 nous trouver ? Ap\u00e9ro Beach Festival a lieu \u00e0 la Pin\u00e8de \u00e0 Lutry, juste \u00e0 c\u00f4t\u00e9 des terrains de beach-volley.","breadcrumb":{"@id":"https:\/\/aperobeach.ch\/wordpress\/index.php\/contact\/#breadcrumb"},"inLanguage":"fr-FR","potentialAction":[{"@type":"ReadAction","target":["https:\/\/aperobeach.ch\/wordpress\/index.php\/contact\/"]}]},{"@type":"BreadcrumbList","@id":"https:\/\/aperobeach.ch\/wordpress\/index.php\/contact\/#breadcrumb","itemListElement":[{"@type":"ListItem","position":1,"name":"Accueil","item":"https:\/\/aperobeach.ch\/wordpress\/"},{"@type":"ListItem","position":2,"name":"Contact"}]},{"@type":"WebSite","@id":"https:\/\/aperobeach.ch\/wordpress\/#website","url":"https:\/\/aperobeach.ch\/wordpress\/","name":"Ap\u00e9ro Beach Festival","description":"Concerts au bord du l\u00e9man \u00e0 Lutry","publisher":{"@id":"https:\/\/aperobeach.ch\/wordpress\/#organization"},"potentialAction":[{"@type":"SearchAction","target":{"@type":"EntryPoint","urlTemplate":"https:\/\/aperobeach.ch\/wordpress\/?s={search_term_string}"},"query-input":{"@type":"PropertyValueSpecification","valueRequired":true,"valueName":"search_term_string"}}],"inLanguage":"fr-FR"},{"@type":"Organization","@id":"https:\/\/aperobeach.ch\/wordpress\/#organization","name":"Ap\u00e9ro Beach Festival","url":"https:\/\/aperobeach.ch\/wordpress\/","logo":{"@type":"ImageObject","inLanguage":"fr-FR","@id":"https:\/\/aperobeach.ch\/wordpress\/#\/schema\/logo\/image\/","url":"https:\/\/aperobeach.ch\/wordpress\/wp-content\/uploads\/2022\/06\/aperobeach_black.png","contentUrl":"https:\/\/aperobeach.ch\/wordpress\/wp-content\/uploads\/2022\/06\/aperobeach_black.png","width":1920,"height":1222,"caption":"Ap\u00e9ro Beach Festival"},"image":{"@id":"https:\/\/aperobeach.ch\/wordpress\/#\/schema\/logo\/image\/"}}]}},"jetpack_sharing_enabled":true,"_links":{"self":[{"href":"https:\/\/aperobeach.ch\/wordpress\/index.php\/wp-json\/wp\/v2\/pages\/4356","targetHints":{"allow":["GET"]}}],"collection":[{"href":"https:\/\/aperobeach.ch\/wordpress\/index.php\/wp-json\/wp\/v2\/pages"}],"about":[{"href":"https:\/\/aperobeach.ch\/wordpress\/index.php\/wp-json\/wp\/v2\/types\/page"}],"author":[{"embeddable":true,"href":"https:\/\/aperobeach.ch\/wordpress\/index.php\/wp-json\/wp\/v2\/users\/1"}],"replies":[{"embeddable":true,"href":"https:\/\/aperobeach.ch\/wordpress\/index.php\/wp-json\/wp\/v2\/comments?post=4356"}],"version-history":[{"count":42,"href":"https:\/\/aperobeach.ch\/wordpress\/index.php\/wp-json\/wp\/v2\/pages\/4356\/revisions"}],"predecessor-version":[{"id":5269,"href":"https:\/\/aperobeach.ch\/wordpress\/index.php\/wp-json\/wp\/v2\/pages\/4356\/revisions\/5269"}],"wp:attachment":[{"href":"https:\/\/aperobeach.ch\/wordpress\/index.php\/wp-json\/wp\/v2\/media?parent=4356"}],"curies":[{"name":"wp","href":"https:\/\/api.w.org\/{rel}","templated":true}]}}